{"id":925,"date":"2023-11-19T07:07:45","date_gmt":"2023-11-19T07:07:45","guid":{"rendered":"https:\/\/maathir.net\/boutique\/?post_type=product&#038;p=925"},"modified":"2023-11-19T07:07:45","modified_gmt":"2023-11-19T07:07:45","slug":"elegance-blue-pvd-rose-gold","status":"publish","type":"product","link":"https:\/\/maathir.net\/boutique\/ar\/product\/elegance-blue-pvd-rose-gold\/","title":{"rendered":"\u0623\u0646\u0627\u0642\u0629 \u0627\u0644\u0627\u0632\u0631\u0642 \u0645\u0639 \u0627\u0644\u0630\u0647\u0628 \u0627\u0644\u0648\u0631\u062f\u064a"},"content":{"rendered":"","protected":false},"excerpt":{"rendered":"<p>\u00c9L\u00c9GANCE COLLECTION \u00d8 42 MM Automatic Movement 5atm\/50m\/150ft Water-Resistant \u2013 Engraved Case-Back<\/p>\n<p><a href=\"\" class=\"contact-btt\">\u0637\u0644\u0628 \u0627\u0644\u0633\u0639\u0631<\/a><\/p>","protected":false},"featured_media":926,"comment_status":"open","ping_status":"closed","template":"","meta":{"site-sidebar-layout":"default","site-content-layout":"","ast-site-content-layout":"default","site-content-style":"default","site-sidebar-style":"default","ast-global-header-display":"","ast-banner-title-visibility":"","ast-main-header-display":"","ast-hfb-above-header-display":"","ast-hfb-below-header-display":"","ast-hfb-mobile-header-display":"","site-post-title":"","ast-breadcrumbs-content":"","ast-featured-img":"","footer-sml-layout":"","theme-transparent-header-meta":"default","adv-header-id-meta":"","stick-header-meta":"","header-above-stick-meta":"","header-main-stick-meta":"","header-below-stick-meta":"","astra-migrate-meta-layouts":"set"},"product_brand":[],"product_cat":[78,73],"product_tag":[],"class_list":{"0":"post-925","1":"product","2":"type-product","3":"status-publish","4":"has-post-thumbnail","6":"product_cat-elegance-collection","7":"product_cat-virtus-watches","8":"desktop-align-left","9":"tablet-align-left","10":"mobile-align-left","12":"first","13":"instock","14":"shipping-taxable","15":"product-type-simple"},"_links":{"self":[{"href":"https:\/\/maathir.net\/boutique\/ar\/wp-json\/wp\/v2\/product\/925","targetHints":{"allow":["GET"]}}],"collection":[{"href":"https:\/\/maathir.net\/boutique\/ar\/wp-json\/wp\/v2\/product"}],"about":[{"href":"https:\/\/maathir.net\/boutique\/ar\/wp-json\/wp\/v2\/types\/product"}],"replies":[{"embeddable":true,"href":"https:\/\/maathir.net\/boutique\/ar\/wp-json\/wp\/v2\/comments?post=925"}],"wp:featuredmedia":[{"embeddable":true,"href":"https:\/\/maathir.net\/boutique\/ar\/wp-json\/wp\/v2\/media\/926"}],"wp:attachment":[{"href":"https:\/\/maathir.net\/boutique\/ar\/wp-json\/wp\/v2\/media?parent=925"}],"wp:term":[{"taxonomy":"product_brand","embeddable":true,"href":"https:\/\/maathir.net\/boutique\/ar\/wp-json\/wp\/v2\/product_brand?post=925"},{"taxonomy":"product_cat","embeddable":true,"href":"https:\/\/maathir.net\/boutique\/ar\/wp-json\/wp\/v2\/product_cat?post=925"},{"taxonomy":"product_tag","embeddable":true,"href":"https:\/\/maathir.net\/boutique\/ar\/wp-json\/wp\/v2\/product_tag?post=925"}],"curies":[{"name":"wp","href":"https:\/\/api.w.org\/{rel}","templated":true}]}}